{"id":12,"date":"2018-07-07T15:58:11","date_gmt":"2018-07-07T15:58:11","guid":{"rendered":"http:\/\/hauf-schornsteinfeger.de\/?page_id=12"},"modified":"2019-07-14T13:01:28","modified_gmt":"2019-07-14T13:01:28","slug":"solarreinigung","status":"publish","type":"page","link":"https:\/\/hauf-schornsteinfeger.de\/?page_id=12","title":{"rendered":"Solarreinigung"},"content":{"rendered":"\t\t<div data-elementor-type=\"wp-post\" data-elementor-id=\"12\" class=\"elementor elementor-12 elementor-bc-flex-widget\">\n\t\t\t\t\t\t<section class=\"elementor-section elementor-top-section elementor-element elementor-element-8970fd4 elementor-section-boxed elementor-section-height-default elementor-section-height-default\" data-id=\"8970fd4\" data-element_type=\"section\">\n\t\t\t\t\t\t<div class=\"elementor-container elementor-column-gap-default\">\n\t\t\t\t\t<div class=\"elementor-column elementor-col-100 elementor-top-column elementor-element elementor-element-cf4000e\" data-id=\"cf4000e\" data-element_type=\"column\">\n\t\t\t<div class=\"elementor-widget-wrap elementor-element-populated\">\n\t\t\t\t\t\t<div class=\"elementor-element elementor-element-07561ae elementor-widget elementor-widget-wp-widget-ocean_custom_header_nav\" data-id=\"07561ae\" data-element_type=\"widget\" data-widget_type=\"wp-widget-ocean_custom_header_nav.default\">\n\t\t\t\t<div class=\"elementor-widget-container\">\n\t\t\t\r\n\t\t\t\t<div class=\"custom-header-nav clr center\">\r\n\r\n\t\t\t\t\t\t\t\t<div id=\"site-navigation-wrap\" class=\"clr\">\n\t\t\t\n\t\t\t\n\t\t\t\n\t\t\t<nav id=\"site-navigation\" class=\"navigation main-navigation clr\" itemscope=\"itemscope\" itemtype=\"https:\/\/schema.org\/SiteNavigationElement\" role=\"navigation\" >\n\n\t\t\t\t<ul id=\"menu-main\" class=\"main-menu dropdown-menu sf-menu\"><li id=\"menu-item-280\" class=\"menu-item menu-item-type-post_type menu-item-object-page menu-item-280\"><a href=\"https:\/\/hauf-schornsteinfeger.de\/?page_id=8\" class=\"menu-link\"><span class=\"text-wrap\">\u00dcber mich<\/span><\/a><\/li><li id=\"menu-item-109\" class=\"menu-item menu-item-type-post_type menu-item-object-page menu-item-109\"><a href=\"https:\/\/hauf-schornsteinfeger.de\/?page_id=10\" class=\"menu-link\"><span class=\"text-wrap\">Schornsteinfeger<\/span><\/a><\/li><li id=\"menu-item-281\" class=\"menu-item menu-item-type-post_type menu-item-object-page menu-item-281\"><a href=\"https:\/\/hauf-schornsteinfeger.de\/?page_id=192\" class=\"menu-link\"><span class=\"text-wrap\">Brandschutz<\/span><\/a><\/li><li id=\"menu-item-284\" class=\"menu-item menu-item-type-post_type menu-item-object-page menu-item-284\"><a href=\"https:\/\/hauf-schornsteinfeger.de\/?page_id=12\" class=\"menu-link\"><span class=\"text-wrap\">Solarreinigung<\/span><\/a><\/li><li id=\"menu-item-286\" class=\"menu-item menu-item-type-post_type menu-item-object-page menu-item-286\"><a href=\"https:\/\/hauf-schornsteinfeger.de\/?page_id=14\" class=\"menu-link\"><span class=\"text-wrap\">Energieberatung<\/span><\/a><\/li><li id=\"menu-item-533\" class=\"menu-item menu-item-type-post_type menu-item-object-page menu-item-533\"><a href=\"https:\/\/hauf-schornsteinfeger.de\/?page_id=529\" class=\"menu-link\"><span class=\"text-wrap\">Stellenangebote<\/span><\/a><\/li><li id=\"menu-item-282\" class=\"menu-item menu-item-type-post_type menu-item-object-page menu-item-282\"><a href=\"https:\/\/hauf-schornsteinfeger.de\/?page_id=18\" class=\"menu-link\"><span class=\"text-wrap\">Galerie<\/span><\/a><\/li><li id=\"menu-item-283\" class=\"menu-item menu-item-type-post_type menu-item-object-page menu-item-283\"><a href=\"https:\/\/hauf-schornsteinfeger.de\/?page_id=20\" class=\"menu-link\"><span class=\"text-wrap\">Kontakt<\/span><\/a><\/li><li class=\"search-toggle-li\" ><a href=\"https:\/\/hauf-schornsteinfeger.de\/#\" class=\"site-search-toggle search-dropdown-toggle\"><span class=\"screen-reader-text\">Website-Suche umschalten<\/span><i class=\" icon-magnifier\" aria-hidden=\"true\" role=\"img\"><\/i><\/a><\/li><\/ul>\n<div id=\"searchform-dropdown\" class=\"header-searchform-wrap clr\" >\n\t\n<form aria-label=\"Diese Website durchsuchen\" role=\"search\" method=\"get\" class=\"searchform\" action=\"https:\/\/hauf-schornsteinfeger.de\/\">\t\n\t<input aria-label=\"Suchabfrage eingeben\" type=\"search\" id=\"ocean-search-form-1\" class=\"field\" autocomplete=\"off\" placeholder=\"Suche\" name=\"s\">\n\t\t<\/form>\n<\/div><!-- #searchform-dropdown -->\n\n\t\t\t<\/nav><!-- #site-navigation -->\n\n\t\t\t\n\t\t\t\n\t\t\t\t\t<\/div><!-- #site-navigation-wrap -->\n\t\t\t\n\t\t\n\t\n\t\n\t<div class=\"oceanwp-mobile-menu-icon clr mobile-right\">\n\n\t\t\n\t\t\n\t\t\n\t\t<a href=\"https:\/\/hauf-schornsteinfeger.de\/#mobile-menu-toggle\" class=\"mobile-menu\"  aria-label=\"Mobiles Men\u00fc\">\n\t\t\t\t\t\t\t<i class=\"fa fa-bars\" aria-hidden=\"true\"><\/i>\n\t\t\t\t\t\t\t\t<span class=\"oceanwp-text\">Men\u00fc<\/span>\n\t\t\t\t<span class=\"oceanwp-close-text\">Schlie\u00dfen<\/span>\n\t\t\t\t\t\t<\/a>\n\n\t\t\n\t\t\n\t\t\n\t<\/div><!-- #oceanwp-mobile-menu-navbar -->\n\n\t\n\n<div id=\"mobile-dropdown\" class=\"clr\" >\n\n\t<nav class=\"clr\" itemscope=\"itemscope\" itemtype=\"https:\/\/schema.org\/SiteNavigationElement\">\n\n\t\t\n\t<div id=\"mobile-nav\" class=\"navigation clr\">\n\n\t\t<ul id=\"menu-main-1\" class=\"menu\"><li class=\"menu-item menu-item-type-post_type menu-item-object-page menu-item-280\"><a href=\"https:\/\/hauf-schornsteinfeger.de\/?page_id=8\">\u00dcber mich<\/a><\/li>\n<li class=\"menu-item menu-item-type-post_type menu-item-object-page menu-item-109\"><a href=\"https:\/\/hauf-schornsteinfeger.de\/?page_id=10\">Schornsteinfeger<\/a><\/li>\n<li class=\"menu-item menu-item-type-post_type menu-item-object-page menu-item-281\"><a href=\"https:\/\/hauf-schornsteinfeger.de\/?page_id=192\">Brandschutz<\/a><\/li>\n<li class=\"menu-item menu-item-type-post_type menu-item-object-page menu-item-284\"><a href=\"https:\/\/hauf-schornsteinfeger.de\/?page_id=12\">Solarreinigung<\/a><\/li>\n<li class=\"menu-item menu-item-type-post_type menu-item-object-page menu-item-286\"><a href=\"https:\/\/hauf-schornsteinfeger.de\/?page_id=14\">Energieberatung<\/a><\/li>\n<li class=\"menu-item menu-item-type-post_type menu-item-object-page menu-item-533\"><a href=\"https:\/\/hauf-schornsteinfeger.de\/?page_id=529\">Stellenangebote<\/a><\/li>\n<li class=\"menu-item menu-item-type-post_type menu-item-object-page menu-item-282\"><a href=\"https:\/\/hauf-schornsteinfeger.de\/?page_id=18\">Galerie<\/a><\/li>\n<li class=\"menu-item menu-item-type-post_type menu-item-object-page menu-item-283\"><a href=\"https:\/\/hauf-schornsteinfeger.de\/?page_id=20\">Kontakt<\/a><\/li>\n<\/ul>\n\t<\/div>\n\n\n<div id=\"mobile-menu-search\" class=\"clr\">\n\t<form aria-label=\"Diese Website durchsuchen\" method=\"get\" action=\"https:\/\/hauf-schornsteinfeger.de\/\" class=\"mobile-searchform\">\n\t\t<input aria-label=\"Suchabfrage eingeben\" value=\"\" class=\"field\" id=\"ocean-mobile-search-2\" type=\"search\" name=\"s\" autocomplete=\"off\" placeholder=\"Suche\" \/>\n\t\t<button aria-label=\"Suche abschicken\" type=\"submit\" class=\"searchform-submit\">\n\t\t\t<i class=\" icon-magnifier\" aria-hidden=\"true\" role=\"img\"><\/i>\t\t<\/button>\n\t\t\t\t\t<\/form>\n<\/div><!-- .mobile-menu-search -->\n\n\t<\/nav>\n\n<\/div>\n\r\n\t\t\t\t<\/div>\r\n\r\n\t\t\t\t\t<\/div>\n\t\t\t\t<\/div>\n\t\t\t\t\t<\/div>\n\t\t<\/div>\n\t\t\t\t\t<\/div>\n\t\t<\/section>\n\t\t\t\t<section class=\"elementor-section elementor-top-section elementor-element elementor-element-5e0a78e elementor-section-boxed elementor-section-height-default elementor-section-height-default\" data-id=\"5e0a78e\" data-element_type=\"section\">\n\t\t\t\t\t\t<div class=\"elementor-container elementor-column-gap-default\">\n\t\t\t\t\t<div class=\"elementor-column elementor-col-100 elementor-top-column elementor-element elementor-element-d3e2fe1\" data-id=\"d3e2fe1\" data-element_type=\"column\">\n\t\t\t<div class=\"elementor-widget-wrap elementor-element-populated\">\n\t\t\t\t\t\t<div class=\"elementor-element elementor-element-e44e38a elementor-widget elementor-widget-spacer\" data-id=\"e44e38a\" data-element_type=\"widget\" data-widget_type=\"spacer.default\">\n\t\t\t\t<div class=\"elementor-widget-container\">\n\t\t\t\t\t<div class=\"elementor-spacer\">\n\t\t\t<div class=\"elementor-spacer-inner\"><\/div>\n\t\t<\/div>\n\t\t\t\t<\/div>\n\t\t\t\t<\/div>\n\t\t\t\t\t<\/div>\n\t\t<\/div>\n\t\t\t\t\t<\/div>\n\t\t<\/section>\n\t\t\t\t<section class=\"elementor-section elementor-top-section elementor-element elementor-element-5185cca elementor-section-boxed elementor-section-height-default elementor-section-height-default\" data-id=\"5185cca\" data-element_type=\"section\">\n\t\t\t\t\t\t<div class=\"elementor-container elementor-column-gap-default\">\n\t\t\t\t\t<div class=\"elementor-column elementor-col-100 elementor-top-column elementor-element elementor-element-fcf1fff\" data-id=\"fcf1fff\" data-element_type=\"column\">\n\t\t\t<div class=\"elementor-widget-wrap elementor-element-populated\">\n\t\t\t\t\t\t<div class=\"elementor-element elementor-element-ff52ad5 elementor-widget elementor-widget-heading\" data-id=\"ff52ad5\" data-element_type=\"widget\" data-widget_type=\"heading.default\">\n\t\t\t\t<div class=\"elementor-widget-container\">\n\t\t\t<h1 class=\"elementor-heading-title elementor-size-large\">Solarreinigung<\/h1>\t\t<\/div>\n\t\t\t\t<\/div>\n\t\t\t\t\t<\/div>\n\t\t<\/div>\n\t\t\t\t\t<\/div>\n\t\t<\/section>\n\t\t\t\t<section class=\"elementor-section elementor-top-section elementor-element elementor-element-5329f58 elementor-section-boxed elementor-section-height-default elementor-section-height-default\" data-id=\"5329f58\" data-element_type=\"section\">\n\t\t\t\t\t\t<div class=\"elementor-container elementor-column-gap-default\">\n\t\t\t\t\t<div class=\"elementor-column elementor-col-100 elementor-top-column elementor-element elementor-element-da9cf0f\" data-id=\"da9cf0f\" data-element_type=\"column\">\n\t\t\t<div class=\"elementor-widget-wrap elementor-element-populated\">\n\t\t\t\t\t\t<section class=\"elementor-section elementor-inner-section elementor-element elementor-element-e16daae elementor-section-boxed elementor-section-height-default elementor-section-height-default\" data-id=\"e16daae\" data-element_type=\"section\">\n\t\t\t\t\t\t<div class=\"elementor-container elementor-column-gap-default\">\n\t\t\t\t\t<div class=\"elementor-column elementor-col-50 elementor-inner-column elementor-element elementor-element-66faded\" data-id=\"66faded\" data-element_type=\"column\">\n\t\t\t<div class=\"elementor-widget-wrap elementor-element-populated\">\n\t\t\t\t\t\t<div class=\"elementor-element elementor-element-0fa7575 elementor-widget elementor-widget-text-editor\" data-id=\"0fa7575\" data-element_type=\"widget\" data-widget_type=\"text-editor.default\">\n\t\t\t\t<div class=\"elementor-widget-container\">\n\t\t\t\t\t\t\t<p>\u00a0<\/p><blockquote><p class=\"p1\">Durch die professionelle Reinigung und Pflege Ihrer Solar- und Photovoltaikanlage k\u00f6nnen Sie Ertragsverluste minimieren.<\/p><\/blockquote><p>\u00a0<\/p><p>\u00a0<\/p><p class=\"p1\" style=\"font-variant-ligatures: normal; font-variant-caps: normal; font-family: Roboto, sans-serif; font-size: 20px; font-style: normal; font-weight: 400;\">Nicht nur auf landwirtschaftlichen Geb\u00e4uden mit Viehhaltung, Industriebetrieben sowie bei Anlagen an Stra\u00dfen mit hohem Verkehrsaufkommen ist mit starker Verschmutzung zu rechnen.<\/p><p class=\"p1\" style=\"font-variant-ligatures: normal; font-variant-caps: normal; font-family: Roboto, sans-serif; font-size: 20px; font-style: normal; font-weight: 400;\">Auch sonstige Umwelteinfl\u00fcsse wirken sich negativ auf die Ertragsf\u00e4higkeit Ihrer Anlage aus. Die Anlage produziert bis zu 20% weniger Strom und erwirtschaftet somit 20% weniger Einspeiseverg\u00fctung.<\/p><p class=\"p1\" style=\"font-variant-ligatures: normal; font-variant-caps: normal; font-family: Roboto, sans-serif; font-size: 20px; font-style: normal; font-weight: 400;\">\u00a0<\/p>\t\t\t\t\t\t<\/div>\n\t\t\t\t<\/div>\n\t\t\t\t\t<\/div>\n\t\t<\/div>\n\t\t\t\t<div class=\"elementor-column elementor-col-50 elementor-inner-column elementor-element elementor-element-e8956ad\" data-id=\"e8956ad\" data-element_type=\"column\">\n\t\t\t<div class=\"elementor-widget-wrap elementor-element-populated\">\n\t\t\t\t\t\t<div class=\"elementor-element elementor-element-ad4cffc elementor-widget elementor-widget-image\" data-id=\"ad4cffc\" data-element_type=\"widget\" data-widget_type=\"image.default\">\n\t\t\t\t<div class=\"elementor-widget-container\">\n\t\t\t\t\t\t\t\t\t\t\t\t\t<img decoding=\"async\" src=\"https:\/\/hauf-schornsteinfeger.de\/wp-content\/uploads\/elementor\/thumbs\/Bild-Solarreinigung-oari952cmdzyys6g4p7lurxj4b79luveus0shh7er4.jpg\" title=\"Bild Solarreinigung\" alt=\"Bild Solarreinigung\" loading=\"lazy\" \/>\t\t\t\t\t\t\t\t\t\t\t\t\t<\/div>\n\t\t\t\t<\/div>\n\t\t\t\t\t<\/div>\n\t\t<\/div>\n\t\t\t\t\t<\/div>\n\t\t<\/section>\n\t\t\t\t\t<\/div>\n\t\t<\/div>\n\t\t\t\t\t<\/div>\n\t\t<\/section>\n\t\t\t\t<section class=\"elementor-section elementor-top-section elementor-element elementor-element-af112a0 elementor-section-boxed elementor-section-height-default elementor-section-height-default\" data-id=\"af112a0\" data-element_type=\"section\">\n\t\t\t\t\t\t<div class=\"elementor-container elementor-column-gap-default\">\n\t\t\t\t\t<div class=\"elementor-column elementor-col-100 elementor-top-column elementor-element elementor-element-81402a3\" data-id=\"81402a3\" data-element_type=\"column\">\n\t\t\t<div class=\"elementor-widget-wrap elementor-element-populated\">\n\t\t\t\t\t\t<div class=\"elementor-element elementor-element-a504fff elementor-widget elementor-widget-text-editor\" data-id=\"a504fff\" data-element_type=\"widget\" data-widget_type=\"text-editor.default\">\n\t\t\t\t<div class=\"elementor-widget-container\">\n\t\t\t\t\t\t\t<hr \/><p>\u00a0<\/p><p>Beispielrechnung f\u00fcr eine Photovoltaikanlage \u00fcblicher Gr\u00f6\u00dfenordnung eines Einfamilienhauses aus dem Jahr 2009:<\/p>\t\t\t\t\t\t<\/div>\n\t\t\t\t<\/div>\n\t\t\t\t<div class=\"elementor-element elementor-element-87d5dce elementor-widget elementor-widget-text-editor\" data-id=\"87d5dce\" data-element_type=\"widget\" data-widget_type=\"text-editor.default\">\n\t\t\t\t<div class=\"elementor-widget-container\">\n\t\t\t\t\t\t\t<p class=\"p1\">Gr\u00f6\u00dfe: 65 m\u00b2<\/p><p class=\"p1\">Einspeiseleistung: 8.000 kWh p. a.<\/p><p class=\"p1\">Verg\u00fctung: 3.680 \u20ac p. a. (0,46 \u20ac\/KW)<\/p>\t\t\t\t\t\t<\/div>\n\t\t\t\t<\/div>\n\t\t\t\t<div class=\"elementor-element elementor-element-9935829 elementor-widget elementor-widget-text-editor\" data-id=\"9935829\" data-element_type=\"widget\" data-widget_type=\"text-editor.default\">\n\t\t\t\t<div class=\"elementor-widget-container\">\n\t\t\t\t\t\t\t<p><span style=\"font-family: Roboto, sans-serif; font-size: 20px; font-style: normal; font-variant-ligatures: normal; font-variant-caps: normal; font-weight: 400; color: #c40e00;\">Bei einer Leistungseinbu\u00dfe von ca. 3% p. a. ergibt sich f\u00fcr die Jahre 1-5 bereits ein Ertragsverlust von rund 1.400 \u20ac.<\/span><\/p><p><span style=\"font-size: 20px;\">Nur eine gereinigte Anlage bringt Ihnen volle Ertr\u00e4ge.<\/span><\/p>\t\t\t\t\t\t<\/div>\n\t\t\t\t<\/div>\n\t\t\t\t<div class=\"elementor-element elementor-element-ad886ee elementor-widget elementor-widget-button\" data-id=\"ad886ee\" data-element_type=\"widget\" data-widget_type=\"button.default\">\n\t\t\t\t<div class=\"elementor-widget-container\">\n\t\t\t\t\t<div class=\"elementor-button-wrapper\">\n\t\t\t<a class=\"elementor-button elementor-button-link elementor-size-md\" href=\"\/Kontakt\">\n\t\t\t\t\t\t<span class=\"elementor-button-content-wrapper\">\n\t\t\t\t\t\t\t\t\t<span class=\"elementor-button-text\">Kontaktieren Sie uns, wir beraten Sie gerne.<\/span>\n\t\t\t\t\t<\/span>\n\t\t\t\t\t<\/a>\n\t\t<\/div>\n\t\t\t\t<\/div>\n\t\t\t\t<\/div>\n\t\t\t\t\t<\/div>\n\t\t<\/div>\n\t\t\t\t\t<\/div>\n\t\t<\/section>\n\t\t\t\t<section class=\"elementor-section elementor-top-section elementor-element elementor-element-0ea4a4d elementor-section-boxed elementor-section-height-default elementor-section-height-default\" data-id=\"0ea4a4d\" data-element_type=\"section\">\n\t\t\t\t\t\t<div class=\"elementor-container elementor-column-gap-default\">\n\t\t\t\t\t<div class=\"elementor-column elementor-col-100 elementor-top-column elementor-element elementor-element-b2d62c3\" data-id=\"b2d62c3\" data-element_type=\"column\">\n\t\t\t<div class=\"elementor-widget-wrap elementor-element-populated\">\n\t\t\t\t\t\t<div class=\"elementor-element elementor-element-037914b elementor-widget elementor-widget-spacer\" data-id=\"037914b\" data-element_type=\"widget\" data-widget_type=\"spacer.default\">\n\t\t\t\t<div class=\"elementor-widget-container\">\n\t\t\t\t\t<div class=\"elementor-spacer\">\n\t\t\t<div class=\"elementor-spacer-inner\"><\/div>\n\t\t<\/div>\n\t\t\t\t<\/div>\n\t\t\t\t<\/div>\n\t\t\t\t\t<\/div>\n\t\t<\/div>\n\t\t\t\t\t<\/div>\n\t\t<\/section>\n\t\t\t\t<\/div>\n\t\t","protected":false},"excerpt":{"rendered":"<p>Solarreinigung \u00a0 Durch die professionelle Reinigung und Pflege Ihrer Solar- und Photovoltaikanlage k\u00f6nnen Sie Ertragsverluste minimieren. \u00a0 \u00a0 Nicht nur auf landwirtschaftlichen Geb\u00e4uden mit Viehhaltung, Industriebetrieben sowie bei Anlagen an Stra\u00dfen mit hohem Verkehrsaufkommen ist mit starker Verschmutzung zu rechnen. Auch sonstige Umwelteinfl\u00fcsse wirken sich negativ auf die Ertragsf\u00e4higkeit Ihrer Anlage aus. Die Anlage produziert [&hellip;]<\/p>\n","protected":false},"author":2,"featured_media":0,"parent":0,"menu_order":0,"comment_status":"closed","ping_status":"closed","template":"","meta":{"ocean_post_layout":"","ocean_both_sidebars_style":"","ocean_both_sidebars_content_width":0,"ocean_both_sidebars_sidebars_width":0,"ocean_sidebar":"0","ocean_second_sidebar":"0","ocean_disable_margins":"enable","ocean_add_body_class":"","ocean_shortcode_before_top_bar":"","ocean_shortcode_after_top_bar":"","ocean_shortcode_before_header":"","ocean_shortcode_after_header":"","ocean_has_shortcode":"","ocean_shortcode_after_title":"","ocean_shortcode_before_footer_widgets":"","ocean_shortcode_after_footer_widgets":"","ocean_shortcode_before_footer_bottom":"","ocean_shortcode_after_footer_bottom":"","ocean_display_top_bar":"default","ocean_display_header":"default","ocean_header_style":"","ocean_center_header_left_menu":"0","ocean_custom_header_template":"0","ocean_custom_logo":0,"ocean_custom_retina_logo":0,"ocean_custom_logo_max_width":0,"ocean_custom_logo_tablet_max_width":0,"ocean_custom_logo_mobile_max_width":0,"ocean_custom_logo_max_height":0,"ocean_custom_logo_tablet_max_height":0,"ocean_custom_logo_mobile_max_height":0,"ocean_header_custom_menu":"0","ocean_menu_typo_font_family":"0","ocean_menu_typo_font_subset":"","ocean_menu_typo_font_size":0,"ocean_menu_typo_font_size_tablet":0,"ocean_menu_typo_font_size_mobile":0,"ocean_menu_typo_font_size_unit":"px","ocean_menu_typo_font_weight":"","ocean_menu_typo_font_weight_tablet":"","ocean_menu_typo_font_weight_mobile":"","ocean_menu_typo_transform":"","ocean_menu_typo_transform_tablet":"","ocean_menu_typo_transform_mobile":"","ocean_menu_typo_line_height":0,"ocean_menu_typo_line_height_tablet":0,"ocean_menu_typo_line_height_mobile":0,"ocean_menu_typo_line_height_unit":"","ocean_menu_typo_spacing":0,"ocean_menu_typo_spacing_tablet":0,"ocean_menu_typo_spacing_mobile":0,"ocean_menu_typo_spacing_unit":"","ocean_menu_link_color":"","ocean_menu_link_color_hover":"","ocean_menu_link_color_active":"","ocean_menu_link_background":"","ocean_menu_link_hover_background":"","ocean_menu_link_active_background":"","ocean_menu_social_links_bg":"","ocean_menu_social_hover_links_bg":"","ocean_menu_social_links_color":"","ocean_menu_social_hover_links_color":"","ocean_disable_title":"on","ocean_disable_heading":"default","ocean_post_title":"","ocean_post_subheading":"","ocean_post_title_style":"","ocean_post_title_background_color":"","ocean_post_title_background":0,"ocean_post_title_bg_image_position":"","ocean_post_title_bg_image_attachment":"","ocean_post_title_bg_image_repeat":"","ocean_post_title_bg_image_size":"","ocean_post_title_height":0,"ocean_post_title_bg_overlay":0.5,"ocean_post_title_bg_overlay_color":"","ocean_disable_breadcrumbs":"default","ocean_breadcrumbs_color":"","ocean_breadcrumbs_separator_color":"","ocean_breadcrumbs_links_color":"","ocean_breadcrumbs_links_hover_color":"","ocean_display_footer_widgets":"default","ocean_display_footer_bottom":"default","ocean_custom_footer_template":"","footnotes":""},"class_list":["post-12","page","type-page","status-publish","hentry","entry"],"_links":{"self":[{"href":"https:\/\/hauf-schornsteinfeger.de\/index.php?rest_route=\/wp\/v2\/pages\/12","targetHints":{"allow":["GET"]}}],"collection":[{"href":"https:\/\/hauf-schornsteinfeger.de\/index.php?rest_route=\/wp\/v2\/pages"}],"about":[{"href":"https:\/\/hauf-schornsteinfeger.de\/index.php?rest_route=\/wp\/v2\/types\/page"}],"author":[{"embeddable":true,"href":"https:\/\/hauf-schornsteinfeger.de\/index.php?rest_route=\/wp\/v2\/users\/2"}],"replies":[{"embeddable":true,"href":"https:\/\/hauf-schornsteinfeger.de\/index.php?rest_route=%2Fwp%2Fv2%2Fcomments&post=12"}],"version-history":[{"count":12,"href":"https:\/\/hauf-schornsteinfeger.de\/index.php?rest_route=\/wp\/v2\/pages\/12\/revisions"}],"predecessor-version":[{"id":525,"href":"https:\/\/hauf-schornsteinfeger.de\/index.php?rest_route=\/wp\/v2\/pages\/12\/revisions\/525"}],"wp:attachment":[{"href":"https:\/\/hauf-schornsteinfeger.de\/index.php?rest_route=%2Fwp%2Fv2%2Fmedia&parent=12"}],"curies":[{"name":"wp","href":"https:\/\/api.w.org\/{rel}","templated":true}]}}