{"id":192,"date":"2018-07-18T16:04:02","date_gmt":"2018-07-18T16:04:02","guid":{"rendered":"http:\/\/hauf-schornsteinfeger.de\/?page_id=192"},"modified":"2019-07-14T13:05:12","modified_gmt":"2019-07-14T13:05:12","slug":"brandschutz","status":"publish","type":"page","link":"https:\/\/hauf-schornsteinfeger.de\/?page_id=192","title":{"rendered":"Brandschutz"},"content":{"rendered":"\t\t<div data-elementor-type=\"wp-post\" data-elementor-id=\"192\" class=\"elementor elementor-192 elementor-bc-flex-widget\">\n\t\t\t\t\t\t<section class=\"elementor-section elementor-top-section elementor-element elementor-element-4d160a4 elementor-section-boxed elementor-section-height-default elementor-section-height-default\" data-id=\"4d160a4\" data-element_type=\"section\">\n\t\t\t\t\t\t<div class=\"elementor-container elementor-column-gap-default\">\n\t\t\t\t\t<div class=\"elementor-column elementor-col-100 elementor-top-column elementor-element elementor-element-4e2d122\" data-id=\"4e2d122\" data-element_type=\"column\">\n\t\t\t<div class=\"elementor-widget-wrap elementor-element-populated\">\n\t\t\t\t\t\t<div class=\"elementor-element elementor-element-bc9def8 elementor-widget elementor-widget-wp-widget-ocean_custom_header_nav\" data-id=\"bc9def8\" data-element_type=\"widget\" data-widget_type=\"wp-widget-ocean_custom_header_nav.default\">\n\t\t\t\t<div class=\"elementor-widget-container\">\n\t\t\t\r\n\t\t\t\t<div class=\"custom-header-nav clr center\">\r\n\r\n\t\t\t\t\t\t\t\t<div id=\"site-navigation-wrap\" class=\"clr\">\n\t\t\t\n\t\t\t\n\t\t\t\n\t\t\t<nav id=\"site-navigation\" class=\"navigation main-navigation clr\" itemscope=\"itemscope\" itemtype=\"https:\/\/schema.org\/SiteNavigationElement\" role=\"navigation\" >\n\n\t\t\t\t<ul id=\"menu-main\" class=\"main-menu dropdown-menu sf-menu\"><li id=\"menu-item-280\" class=\"menu-item menu-item-type-post_type menu-item-object-page menu-item-280\"><a href=\"https:\/\/hauf-schornsteinfeger.de\/?page_id=8\" class=\"menu-link\"><span class=\"text-wrap\">\u00dcber mich<\/span><\/a><\/li><li id=\"menu-item-109\" class=\"menu-item menu-item-type-post_type menu-item-object-page menu-item-109\"><a href=\"https:\/\/hauf-schornsteinfeger.de\/?page_id=10\" class=\"menu-link\"><span class=\"text-wrap\">Schornsteinfeger<\/span><\/a><\/li><li id=\"menu-item-281\" class=\"menu-item menu-item-type-post_type menu-item-object-page menu-item-281\"><a href=\"https:\/\/hauf-schornsteinfeger.de\/?page_id=192\" class=\"menu-link\"><span class=\"text-wrap\">Brandschutz<\/span><\/a><\/li><li id=\"menu-item-284\" class=\"menu-item menu-item-type-post_type menu-item-object-page menu-item-284\"><a href=\"https:\/\/hauf-schornsteinfeger.de\/?page_id=12\" class=\"menu-link\"><span class=\"text-wrap\">Solarreinigung<\/span><\/a><\/li><li id=\"menu-item-286\" class=\"menu-item menu-item-type-post_type menu-item-object-page menu-item-286\"><a href=\"https:\/\/hauf-schornsteinfeger.de\/?page_id=14\" class=\"menu-link\"><span class=\"text-wrap\">Energieberatung<\/span><\/a><\/li><li id=\"menu-item-533\" class=\"menu-item menu-item-type-post_type menu-item-object-page menu-item-533\"><a href=\"https:\/\/hauf-schornsteinfeger.de\/?page_id=529\" class=\"menu-link\"><span class=\"text-wrap\">Stellenangebote<\/span><\/a><\/li><li id=\"menu-item-282\" class=\"menu-item menu-item-type-post_type menu-item-object-page menu-item-282\"><a href=\"https:\/\/hauf-schornsteinfeger.de\/?page_id=18\" class=\"menu-link\"><span class=\"text-wrap\">Galerie<\/span><\/a><\/li><li id=\"menu-item-283\" class=\"menu-item menu-item-type-post_type menu-item-object-page menu-item-283\"><a href=\"https:\/\/hauf-schornsteinfeger.de\/?page_id=20\" class=\"menu-link\"><span class=\"text-wrap\">Kontakt<\/span><\/a><\/li><li class=\"search-toggle-li\" ><a href=\"https:\/\/hauf-schornsteinfeger.de\/#\" class=\"site-search-toggle search-dropdown-toggle\"><span class=\"screen-reader-text\">Website-Suche umschalten<\/span><i class=\" icon-magnifier\" aria-hidden=\"true\" role=\"img\"><\/i><\/a><\/li><\/ul>\n<div id=\"searchform-dropdown\" class=\"header-searchform-wrap clr\" >\n\t\n<form aria-label=\"Diese Website durchsuchen\" role=\"search\" method=\"get\" class=\"searchform\" action=\"https:\/\/hauf-schornsteinfeger.de\/\">\t\n\t<input aria-label=\"Suchabfrage eingeben\" type=\"search\" id=\"ocean-search-form-1\" class=\"field\" autocomplete=\"off\" placeholder=\"Suche\" name=\"s\">\n\t\t<\/form>\n<\/div><!-- #searchform-dropdown -->\n\n\t\t\t<\/nav><!-- #site-navigation -->\n\n\t\t\t\n\t\t\t\n\t\t\t\t\t<\/div><!-- #site-navigation-wrap -->\n\t\t\t\n\t\t\n\t\n\t\n\t<div class=\"oceanwp-mobile-menu-icon clr mobile-right\">\n\n\t\t\n\t\t\n\t\t\n\t\t<a href=\"https:\/\/hauf-schornsteinfeger.de\/#mobile-menu-toggle\" class=\"mobile-menu\"  aria-label=\"Mobiles Men\u00fc\">\n\t\t\t\t\t\t\t<i class=\"fa fa-bars\" aria-hidden=\"true\"><\/i>\n\t\t\t\t\t\t\t\t<span class=\"oceanwp-text\">Men\u00fc<\/span>\n\t\t\t\t<span class=\"oceanwp-close-text\">Schlie\u00dfen<\/span>\n\t\t\t\t\t\t<\/a>\n\n\t\t\n\t\t\n\t\t\n\t<\/div><!-- #oceanwp-mobile-menu-navbar -->\n\n\t\n\n<div id=\"mobile-dropdown\" class=\"clr\" >\n\n\t<nav class=\"clr\" itemscope=\"itemscope\" itemtype=\"https:\/\/schema.org\/SiteNavigationElement\">\n\n\t\t\n\t<div id=\"mobile-nav\" class=\"navigation clr\">\n\n\t\t<ul id=\"menu-main-1\" class=\"menu\"><li class=\"menu-item menu-item-type-post_type menu-item-object-page menu-item-280\"><a href=\"https:\/\/hauf-schornsteinfeger.de\/?page_id=8\">\u00dcber mich<\/a><\/li>\n<li class=\"menu-item menu-item-type-post_type menu-item-object-page menu-item-109\"><a href=\"https:\/\/hauf-schornsteinfeger.de\/?page_id=10\">Schornsteinfeger<\/a><\/li>\n<li class=\"menu-item menu-item-type-post_type menu-item-object-page menu-item-281\"><a href=\"https:\/\/hauf-schornsteinfeger.de\/?page_id=192\">Brandschutz<\/a><\/li>\n<li class=\"menu-item menu-item-type-post_type menu-item-object-page menu-item-284\"><a href=\"https:\/\/hauf-schornsteinfeger.de\/?page_id=12\">Solarreinigung<\/a><\/li>\n<li class=\"menu-item menu-item-type-post_type menu-item-object-page menu-item-286\"><a href=\"https:\/\/hauf-schornsteinfeger.de\/?page_id=14\">Energieberatung<\/a><\/li>\n<li class=\"menu-item menu-item-type-post_type menu-item-object-page menu-item-533\"><a href=\"https:\/\/hauf-schornsteinfeger.de\/?page_id=529\">Stellenangebote<\/a><\/li>\n<li class=\"menu-item menu-item-type-post_type menu-item-object-page menu-item-282\"><a href=\"https:\/\/hauf-schornsteinfeger.de\/?page_id=18\">Galerie<\/a><\/li>\n<li class=\"menu-item menu-item-type-post_type menu-item-object-page menu-item-283\"><a href=\"https:\/\/hauf-schornsteinfeger.de\/?page_id=20\">Kontakt<\/a><\/li>\n<\/ul>\n\t<\/div>\n\n\n<div id=\"mobile-menu-search\" class=\"clr\">\n\t<form aria-label=\"Diese Website durchsuchen\" method=\"get\" action=\"https:\/\/hauf-schornsteinfeger.de\/\" class=\"mobile-searchform\">\n\t\t<input aria-label=\"Suchabfrage eingeben\" value=\"\" class=\"field\" id=\"ocean-mobile-search-2\" type=\"search\" name=\"s\" autocomplete=\"off\" placeholder=\"Suche\" \/>\n\t\t<button aria-label=\"Suche abschicken\" type=\"submit\" class=\"searchform-submit\">\n\t\t\t<i class=\" icon-magnifier\" aria-hidden=\"true\" role=\"img\"><\/i>\t\t<\/button>\n\t\t\t\t\t<\/form>\n<\/div><!-- .mobile-menu-search -->\n\n\t<\/nav>\n\n<\/div>\n\r\n\t\t\t\t<\/div>\r\n\r\n\t\t\t\t\t<\/div>\n\t\t\t\t<\/div>\n\t\t\t\t\t<\/div>\n\t\t<\/div>\n\t\t\t\t\t<\/div>\n\t\t<\/section>\n\t\t\t\t<section class=\"elementor-section elementor-top-section elementor-element elementor-element-5b0c399 elementor-section-boxed elementor-section-height-default elementor-section-height-default\" data-id=\"5b0c399\" data-element_type=\"section\">\n\t\t\t\t\t\t<div class=\"elementor-container elementor-column-gap-default\">\n\t\t\t\t\t<div class=\"elementor-column elementor-col-100 elementor-top-column elementor-element elementor-element-746e2b5\" data-id=\"746e2b5\" data-element_type=\"column\">\n\t\t\t<div class=\"elementor-widget-wrap elementor-element-populated\">\n\t\t\t\t\t\t<div class=\"elementor-element elementor-element-e254ed9 elementor-widget elementor-widget-spacer\" data-id=\"e254ed9\" data-element_type=\"widget\" data-widget_type=\"spacer.default\">\n\t\t\t\t<div class=\"elementor-widget-container\">\n\t\t\t\t\t<div class=\"elementor-spacer\">\n\t\t\t<div class=\"elementor-spacer-inner\"><\/div>\n\t\t<\/div>\n\t\t\t\t<\/div>\n\t\t\t\t<\/div>\n\t\t\t\t\t<\/div>\n\t\t<\/div>\n\t\t\t\t\t<\/div>\n\t\t<\/section>\n\t\t\t\t<section class=\"elementor-section elementor-top-section elementor-element elementor-element-8c95be4 elementor-section-boxed elementor-section-height-default elementor-section-height-default\" data-id=\"8c95be4\" data-element_type=\"section\">\n\t\t\t\t\t\t<div class=\"elementor-container elementor-column-gap-default\">\n\t\t\t\t\t<div class=\"elementor-column elementor-col-100 elementor-top-column elementor-element elementor-element-894183e\" data-id=\"894183e\" data-element_type=\"column\">\n\t\t\t<div class=\"elementor-widget-wrap elementor-element-populated\">\n\t\t\t\t\t\t<div class=\"elementor-element elementor-element-9f5b06c elementor-widget elementor-widget-heading\" data-id=\"9f5b06c\" data-element_type=\"widget\" data-widget_type=\"heading.default\">\n\t\t\t\t<div class=\"elementor-widget-container\">\n\t\t\t<h1 class=\"elementor-heading-title elementor-size-large\">Brandschutz<\/h1>\t\t<\/div>\n\t\t\t\t<\/div>\n\t\t\t\t\t<\/div>\n\t\t<\/div>\n\t\t\t\t\t<\/div>\n\t\t<\/section>\n\t\t\t\t<section class=\"elementor-section elementor-top-section elementor-element elementor-element-7012beb elementor-section-boxed elementor-section-height-default elementor-section-height-default\" data-id=\"7012beb\" data-element_type=\"section\">\n\t\t\t\t\t\t<div class=\"elementor-container elementor-column-gap-default\">\n\t\t\t\t\t<div class=\"elementor-column elementor-col-100 elementor-top-column elementor-element elementor-element-433c384\" data-id=\"433c384\" data-element_type=\"column\">\n\t\t\t<div class=\"elementor-widget-wrap elementor-element-populated\">\n\t\t\t\t\t\t<div class=\"elementor-element elementor-element-8e63e98 elementor-widget elementor-widget-spacer\" data-id=\"8e63e98\" data-element_type=\"widget\" data-widget_type=\"spacer.default\">\n\t\t\t\t<div class=\"elementor-widget-container\">\n\t\t\t\t\t<div class=\"elementor-spacer\">\n\t\t\t<div class=\"elementor-spacer-inner\"><\/div>\n\t\t<\/div>\n\t\t\t\t<\/div>\n\t\t\t\t<\/div>\n\t\t\t\t\t<\/div>\n\t\t<\/div>\n\t\t\t\t\t<\/div>\n\t\t<\/section>\n\t\t\t\t<section class=\"elementor-section elementor-top-section elementor-element elementor-element-63e2947 elementor-section-boxed elementor-section-height-default elementor-section-height-default\" data-id=\"63e2947\" data-element_type=\"section\">\n\t\t\t\t\t\t<div class=\"elementor-container elementor-column-gap-default\">\n\t\t\t\t\t<div class=\"elementor-column elementor-col-100 elementor-top-column elementor-element elementor-element-71ce404\" data-id=\"71ce404\" data-element_type=\"column\" data-settings=\"{&quot;background_background&quot;:&quot;classic&quot;}\">\n\t\t\t<div class=\"elementor-widget-wrap elementor-element-populated\">\n\t\t\t\t\t\t<div class=\"elementor-element elementor-element-bccb175 elementor-widget elementor-widget-spacer\" data-id=\"bccb175\" data-element_type=\"widget\" data-widget_type=\"spacer.default\">\n\t\t\t\t<div class=\"elementor-widget-container\">\n\t\t\t\t\t<div class=\"elementor-spacer\">\n\t\t\t<div class=\"elementor-spacer-inner\"><\/div>\n\t\t<\/div>\n\t\t\t\t<\/div>\n\t\t\t\t<\/div>\n\t\t\t\t\t<\/div>\n\t\t<\/div>\n\t\t\t\t\t<\/div>\n\t\t<\/section>\n\t\t\t\t<section class=\"elementor-section elementor-top-section elementor-element elementor-element-443376f elementor-section-boxed elementor-section-height-default elementor-section-height-default\" data-id=\"443376f\" data-element_type=\"section\">\n\t\t\t\t\t\t<div class=\"elementor-container elementor-column-gap-default\">\n\t\t\t\t\t<div class=\"elementor-column elementor-col-100 elementor-top-column elementor-element elementor-element-19f1473\" data-id=\"19f1473\" data-element_type=\"column\">\n\t\t\t<div class=\"elementor-widget-wrap elementor-element-populated\">\n\t\t\t\t\t\t<div class=\"elementor-element elementor-element-78e4f96 elementor-widget elementor-widget-spacer\" data-id=\"78e4f96\" data-element_type=\"widget\" data-widget_type=\"spacer.default\">\n\t\t\t\t<div class=\"elementor-widget-container\">\n\t\t\t\t\t<div class=\"elementor-spacer\">\n\t\t\t<div class=\"elementor-spacer-inner\"><\/div>\n\t\t<\/div>\n\t\t\t\t<\/div>\n\t\t\t\t<\/div>\n\t\t\t\t<div class=\"elementor-element elementor-element-8de9a0b elementor-widget elementor-widget-text-editor\" data-id=\"8de9a0b\" data-element_type=\"widget\" data-widget_type=\"text-editor.default\">\n\t\t\t\t<div class=\"elementor-widget-container\">\n\t\t\t\t\t\t\t<p><span class=\"color_26\"><b>Sicherheit f\u00fcr Ihre Familie und Ihr Eigenheim!<\/b><\/span><\/p>\t\t\t\t\t\t<\/div>\n\t\t\t\t<\/div>\n\t\t\t\t<div class=\"elementor-element elementor-element-576039c elementor-widget elementor-widget-text-editor\" data-id=\"576039c\" data-element_type=\"widget\" data-widget_type=\"text-editor.default\">\n\t\t\t\t<div class=\"elementor-widget-container\">\n\t\t\t\t\t\t\t<p class=\"p1\">Die Brandschutzvorsorge ist ein wichtiger Bestandteil der Aufgaben eines Schornsteinfegers. Jedes Jahr finden Schornsteinfeger zahlreiche gef\u00e4hrliche M\u00e4ngel an Feuerungsanlagen, die zu Br\u00e4nden f\u00fchren k\u00f6nnen.<\/p><p class=\"p1\">Durch die Industrialisierung und den Wandel der Technik haben sich die Dienstleistungen der Schornsteinfeger auch im Bereich Brandschutzvorsorge ge\u00e4ndert und erweitert.<\/p><p class=\"p1\">Wir helfen Ihnen typische Feuergefahren in Ihrer Wohnung zu erkennen und zu vermeiden und beraten Sie gerne \u00fcber den Einsatz von Sicherheitseinrichtungen zum vorbeugenden Brandschutz.<\/p><p class=\"p1\">Gerne beraten wir Sie im Zusammenhang mit der gesetztlich vorgeschriebenen Rauchwarnmelderpflicht in Baden-W\u00fcrttemberg und bieten Ihnen den Erwerb entsprechender Ger\u00e4te \u00fcber uns an. Auf Wunsch \u00fcbernehmen wir auch den Einbau und die Wartung f\u00fcr Sie.<\/p>\t\t\t\t\t\t<\/div>\n\t\t\t\t<\/div>\n\t\t\t\t\t<\/div>\n\t\t<\/div>\n\t\t\t\t\t<\/div>\n\t\t<\/section>\n\t\t\t\t<section class=\"elementor-section elementor-top-section elementor-element elementor-element-afe24f6 elementor-section-boxed elementor-section-height-default elementor-section-height-default\" data-id=\"afe24f6\" data-element_type=\"section\">\n\t\t\t\t\t\t<div class=\"elementor-container elementor-column-gap-default\">\n\t\t\t\t\t<div class=\"elementor-column elementor-col-100 elementor-top-column elementor-element elementor-element-a96e0c4\" data-id=\"a96e0c4\" data-element_type=\"column\">\n\t\t\t<div class=\"elementor-widget-wrap elementor-element-populated\">\n\t\t\t\t\t\t<div class=\"elementor-element elementor-element-30348b3 elementor-widget elementor-widget-text-editor\" data-id=\"30348b3\" data-element_type=\"widget\" data-widget_type=\"text-editor.default\">\n\t\t\t\t<div class=\"elementor-widget-container\">\n\t\t\t\t\t\t\t<p><span style=\"font-weight: 400;\">Des Weiteren beraten wir Sie gerne \u00fcber den Einsatz von Kohlenmonoxid-Meldern. Diese Ger\u00e4te sind nicht gesetzlich vorgeschrieben, die vergangene Entwicklung rund um die Heizungsanlage hat aber gezeigt dass der Einsatz solcher Ger\u00e4te zu empfehlen ist.<\/span><\/p><p><span style=\"font-weight: 400;\">Auch hier bieten wir Ihnen entsprechende Ger\u00e4te an und \u00fcbernehmen den Einbau und\u00a0<\/span><span style=\"font-size: 20px; font-weight: 400;\">die Wartung f\u00fcr Sie!<\/span><\/p>\t\t\t\t\t\t<\/div>\n\t\t\t\t<\/div>\n\t\t\t\t<div class=\"elementor-element elementor-element-d6c3a11 elementor-widget elementor-widget-spacer\" data-id=\"d6c3a11\" data-element_type=\"widget\" data-widget_type=\"spacer.default\">\n\t\t\t\t<div class=\"elementor-widget-container\">\n\t\t\t\t\t<div class=\"elementor-spacer\">\n\t\t\t<div class=\"elementor-spacer-inner\"><\/div>\n\t\t<\/div>\n\t\t\t\t<\/div>\n\t\t\t\t<\/div>\n\t\t\t\t\t<\/div>\n\t\t<\/div>\n\t\t\t\t\t<\/div>\n\t\t<\/section>\n\t\t\t\t<\/div>\n\t\t","protected":false},"excerpt":{"rendered":"<p>Brandschutz Sicherheit f\u00fcr Ihre Familie und Ihr Eigenheim! Die Brandschutzvorsorge ist ein wichtiger Bestandteil der Aufgaben eines Schornsteinfegers. Jedes Jahr finden Schornsteinfeger zahlreiche gef\u00e4hrliche M\u00e4ngel an Feuerungsanlagen, die zu Br\u00e4nden f\u00fchren k\u00f6nnen. Durch die Industrialisierung und den Wandel der Technik haben sich die Dienstleistungen der Schornsteinfeger auch im Bereich Brandschutzvorsorge ge\u00e4ndert und erweitert. Wir helfen [&hellip;]<\/p>\n","protected":false},"author":2,"featured_media":0,"parent":0,"menu_order":0,"comment_status":"closed","ping_status":"closed","template":"","meta":{"ocean_post_layout":"","ocean_both_sidebars_style":"","ocean_both_sidebars_content_width":0,"ocean_both_sidebars_sidebars_width":0,"ocean_sidebar":"0","ocean_second_sidebar":"0","ocean_disable_margins":"enable","ocean_add_body_class":"","ocean_shortcode_before_top_bar":"","ocean_shortcode_after_top_bar":"","ocean_shortcode_before_header":"","ocean_shortcode_after_header":"","ocean_has_shortcode":"","ocean_shortcode_after_title":"","ocean_shortcode_before_footer_widgets":"","ocean_shortcode_after_footer_widgets":"","ocean_shortcode_before_footer_bottom":"","ocean_shortcode_after_footer_bottom":"","ocean_display_top_bar":"default","ocean_display_header":"default","ocean_header_style":"","ocean_center_header_left_menu":"0","ocean_custom_header_template":"0","ocean_custom_logo":0,"ocean_custom_retina_logo":0,"ocean_custom_logo_max_width":0,"ocean_custom_logo_tablet_max_width":0,"ocean_custom_logo_mobile_max_width":0,"ocean_custom_logo_max_height":0,"ocean_custom_logo_tablet_max_height":0,"ocean_custom_logo_mobile_max_height":0,"ocean_header_custom_menu":"0","ocean_menu_typo_font_family":"0","ocean_menu_typo_font_subset":"","ocean_menu_typo_font_size":0,"ocean_menu_typo_font_size_tablet":0,"ocean_menu_typo_font_size_mobile":0,"ocean_menu_typo_font_size_unit":"px","ocean_menu_typo_font_weight":"","ocean_menu_typo_font_weight_tablet":"","ocean_menu_typo_font_weight_mobile":"","ocean_menu_typo_transform":"","ocean_menu_typo_transform_tablet":"","ocean_menu_typo_transform_mobile":"","ocean_menu_typo_line_height":0,"ocean_menu_typo_line_height_tablet":0,"ocean_menu_typo_line_height_mobile":0,"ocean_menu_typo_line_height_unit":"","ocean_menu_typo_spacing":0,"ocean_menu_typo_spacing_tablet":0,"ocean_menu_typo_spacing_mobile":0,"ocean_menu_typo_spacing_unit":"","ocean_menu_link_color":"","ocean_menu_link_color_hover":"","ocean_menu_link_color_active":"","ocean_menu_link_background":"","ocean_menu_link_hover_background":"","ocean_menu_link_active_background":"","ocean_menu_social_links_bg":"","ocean_menu_social_hover_links_bg":"","ocean_menu_social_links_color":"","ocean_menu_social_hover_links_color":"","ocean_disable_title":"on","ocean_disable_heading":"default","ocean_post_title":"","ocean_post_subheading":"","ocean_post_title_style":"","ocean_post_title_background_color":"","ocean_post_title_background":0,"ocean_post_title_bg_image_position":"","ocean_post_title_bg_image_attachment":"","ocean_post_title_bg_image_repeat":"","ocean_post_title_bg_image_size":"","ocean_post_title_height":0,"ocean_post_title_bg_overlay":0.5,"ocean_post_title_bg_overlay_color":"","ocean_disable_breadcrumbs":"default","ocean_breadcrumbs_color":"","ocean_breadcrumbs_separator_color":"","ocean_breadcrumbs_links_color":"","ocean_breadcrumbs_links_hover_color":"","ocean_display_footer_widgets":"default","ocean_display_footer_bottom":"default","ocean_custom_footer_template":"","footnotes":""},"class_list":["post-192","page","type-page","status-publish","hentry","entry"],"_links":{"self":[{"href":"https:\/\/hauf-schornsteinfeger.de\/index.php?rest_route=\/wp\/v2\/pages\/192","targetHints":{"allow":["GET"]}}],"collection":[{"href":"https:\/\/hauf-schornsteinfeger.de\/index.php?rest_route=\/wp\/v2\/pages"}],"about":[{"href":"https:\/\/hauf-schornsteinfeger.de\/index.php?rest_route=\/wp\/v2\/types\/page"}],"author":[{"embeddable":true,"href":"https:\/\/hauf-schornsteinfeger.de\/index.php?rest_route=\/wp\/v2\/users\/2"}],"replies":[{"embeddable":true,"href":"https:\/\/hauf-schornsteinfeger.de\/index.php?rest_route=%2Fwp%2Fv2%2Fcomments&post=192"}],"version-history":[{"count":14,"href":"https:\/\/hauf-schornsteinfeger.de\/index.php?rest_route=\/wp\/v2\/pages\/192\/revisions"}],"predecessor-version":[{"id":527,"href":"https:\/\/hauf-schornsteinfeger.de\/index.php?rest_route=\/wp\/v2\/pages\/192\/revisions\/527"}],"wp:attachment":[{"href":"https:\/\/hauf-schornsteinfeger.de\/index.php?rest_route=%2Fwp%2Fv2%2Fmedia&parent=192"}],"curies":[{"name":"wp","href":"https:\/\/api.w.org\/{rel}","templated":true}]}}